{"id":22239,"date":"2025-11-14T13:12:48","date_gmt":"2025-11-14T11:12:48","guid":{"rendered":"https:\/\/weingut-richter-mohr.de\/Catalog\/?product=nr-444-gluehwein-weiss-10l"},"modified":"2026-03-17T10:45:55","modified_gmt":"2026-03-17T08:45:55","slug":"nr-444-gluehwein-weiss-10l","status":"publish","type":"product","link":"https:\/\/weingut-richter-mohr.de\/Catalog\/?product=nr-444-gluehwein-weiss-10l","title":{"rendered":"<br>Nr. 444<br> Gl\u00fchwein wei\u00df    1,0l<br>"},"content":{"rendered":"<div align=\"left\"><font size=\"3\"><\/p>\n<p>        <font color=\"#970000\"><strong><br \/><!-- IBGHTML --><!-- IBGHTML --><br \/><DIV>Nach eigenem Rezept und aus unserem Wein!<\/DIV><\/strong><\/font><\/p>\n<p><\/font><\/div>\n<table WIDTH=\"60%\" BORDER=\"0\" align=\"left\" CELLPADDING=\"0\" CELLSPACING=\"0\"><\/p>\n<tr><\/p>\n<td width=\"53%\"><font size=\"-1\">Artikelnummer:<\/font><\/td>\n<td width=\"47%\"><font size=\"-1\">444<\/font><\/td>\n<p><\/tr>\n<tr><\/p>\n<td><font size=\"-1\">Inhalt<\/font><\/td>\n<td><font size=\"-1\">1,0 Ltr.<\/font><\/td>\n<p><\/tr>\n<tr ALIGN=\"LEFT\"><\/p>\n<td><font size=\"-1\">Preis\/Ltr.<\/font><\/td>\n<td><font size=\"-1\">5,50 EUR pro Ltr.<\/font><\/td>\n<p><\/tr>\n<tr><\/p>\n<td><font size=\"-1\">Weinart:<\/font><\/td>\n<td><font size=\"-1\">Wei\u00dfwein<\/font><\/td>\n<p><\/tr>\n<tr><\/p>\n<td><font size=\"-1\">Qualit&auml;tsstufe<\/font><\/td>\n<td><font size=\"-1\"><\/font><\/td>\n<p><\/tr>\n<tr><\/p>\n<td><font size=\"-1\">Rebsorte<\/font><\/td>\n<td><font size=\"-1\">Gl\u00fchwein wei\u00df<\/font><\/td>\n<p><\/tr>\n<p><\/p>\n<tr><\/p>\n<td><font size=\"-1\">Alkoholgehalt<\/font><\/td>\n<td><font size=\"-1\"><strong><\/strong><\/font><\/td>\n<p><\/tr>\n<p><\/p>\n<tr>\n<td><font size=\"-1\">Bio:<\/font><\/td>\n<td><font size=\"-1\"><strong>NEIN<\/strong><\/font><\/td>\n<\/tr>\n<p><\/p>\n<tr>\n<td><font size=\"-1\">enth\u00e4lt Allergene:<\/font><\/td>\n<td><font size=\"-1\"><strong>Sulfite<\/strong><\/font><\/td>\n<\/tr>\n<p><\/table>\n","protected":false},"excerpt":{"rendered":"<p>Nach eigenem Rezept und aus unserem Wein! Artikelnummer: 444 Inhalt 1,0 Ltr. Preis\/Ltr. 5,50 EUR pro Ltr. Weinart: Wei\u00dfwein Qualit&auml;tsstufe Rebsorte Gl\u00fchwein wei\u00df Alkoholgehalt Bio: NEIN enth\u00e4lt Allergene: Sulfite<\/p>\n","protected":false},"featured_media":21794,"comment_status":"open","ping_status":"closed","template":"","meta":[],"product_brand":[],"product_cat":[3570,3569],"product_tag":[],"class_list":{"0":"post-22239","1":"product","2":"type-product","3":"status-publish","4":"has-post-thumbnail","6":"product_cat-gluehwein","7":"product_cat-gluehwein-weiss","9":"first","10":"instock","11":"taxable","12":"shipping-taxable","13":"purchasable","14":"product-type-simple"},"_links":{"self":[{"href":"https:\/\/weingut-richter-mohr.de\/Catalog\/index.php?rest_route=\/wp\/v2\/product\/22239"}],"collection":[{"href":"https:\/\/weingut-richter-mohr.de\/Catalog\/index.php?rest_route=\/wp\/v2\/product"}],"about":[{"href":"https:\/\/weingut-richter-mohr.de\/Catalog\/index.php?rest_route=\/wp\/v2\/types\/product"}],"replies":[{"embeddable":true,"href":"https:\/\/weingut-richter-mohr.de\/Catalog\/index.php?rest_route=%2Fwp%2Fv2%2Fcomments&post=22239"}],"wp:featuredmedia":[{"embeddable":true,"href":"https:\/\/weingut-richter-mohr.de\/Catalog\/index.php?rest_route=\/wp\/v2\/media\/21794"}],"wp:attachment":[{"href":"https:\/\/weingut-richter-mohr.de\/Catalog\/index.php?rest_route=%2Fwp%2Fv2%2Fmedia&parent=22239"}],"wp:term":[{"taxonomy":"product_brand","embeddable":true,"href":"https:\/\/weingut-richter-mohr.de\/Catalog\/index.php?rest_route=%2Fwp%2Fv2%2Fproduct_brand&post=22239"},{"taxonomy":"product_cat","embeddable":true,"href":"https:\/\/weingut-richter-mohr.de\/Catalog\/index.php?rest_route=%2Fwp%2Fv2%2Fproduct_cat&post=22239"},{"taxonomy":"product_tag","embeddable":true,"href":"https:\/\/weingut-richter-mohr.de\/Catalog\/index.php?rest_route=%2Fwp%2Fv2%2Fproduct_tag&post=22239"}],"curies":[{"name":"wp","href":"https:\/\/api.w.org\/{rel}","templated":true}]}}