{"id":22234,"date":"2025-11-14T13:12:31","date_gmt":"2025-11-14T11:12:31","guid":{"rendered":"https:\/\/weingut-richter-mohr.de\/Catalog\/?product=nr-1232025-silvaner-qualitaetswein-trocken-10l"},"modified":"2025-11-14T13:12:31","modified_gmt":"2025-11-14T11:12:31","slug":"nr-1232025-silvaner-qualitaetswein-trocken-10l","status":"publish","type":"product","link":"https:\/\/weingut-richter-mohr.de\/Catalog\/?product=nr-1232025-silvaner-qualitaetswein-trocken-10l","title":{"rendered":"<br>Nr. 123<br>2025 Silvaner Qualit\u00e4tswein  trocken 1,0l<br>"},"content":{"rendered":"<div align=\"left\"><font size=\"3\"><\/p>\n<p>        <font color=\"#970000\"><strong><br \/><!-- IBGHTML --><!-- IBGHTML --><br \/><DIV>Unaufdringlich, ausgewogen, saftig-frisch.<\/DIV><BR><BR><\/strong><\/font><\/p>\n<p><\/font><\/div>\n<table WIDTH=\"60%\" BORDER=\"0\" align=\"left\" CELLPADDING=\"0\" CELLSPACING=\"0\"><\/p>\n<tr><\/p>\n<td width=\"53%\"><font size=\"-1\">Artikelnummer:<\/font><\/td>\n<td width=\"47%\"><font size=\"-1\">123<\/font><\/td>\n<p><\/tr>\n<tr><\/p>\n<td><font size=\"-1\">Inhalt<\/font><\/td>\n<td><font size=\"-1\">1,0 Ltr.<\/font><\/td>\n<p><\/tr>\n<tr ALIGN=\"LEFT\"><\/p>\n<td><font size=\"-1\">Preis\/Ltr.<\/font><\/td>\n<td><font size=\"-1\">6,20 EUR pro Ltr.<\/font><\/td>\n<p><\/tr>\n<tr><\/p>\n<td><font size=\"-1\">Weinart:<\/font><\/td>\n<td><font size=\"-1\">Wei\u00dfwein<\/font><\/td>\n<p><\/tr>\n<tr><\/p>\n<td><font size=\"-1\">Qualit&auml;tsstufe<\/font><\/td>\n<td><font size=\"-1\">Qualit\u00e4tswein<\/font><\/td>\n<p><\/tr>\n<tr><\/p>\n<td><font size=\"-1\">Rebsorte<\/font><\/td>\n<td><font size=\"-1\">Silvaner<\/font><\/td>\n<p><\/tr>\n<p><\/p>\n<tr><\/p>\n<td><font size=\"-1\">Alkoholgehalt<\/font><\/td>\n<td><font size=\"-1\"><strong>12,0 Vol. %<\/strong><\/font><\/td>\n<p><\/tr>\n<p><\/p>\n<tr>\n<td><font size=\"-1\">Bio:<\/font><\/td>\n<td><font size=\"-1\"><strong>NEIN<\/strong><\/font><\/td>\n<\/tr>\n<p><\/p>\n<tr>\n<td><font size=\"-1\">enth\u00e4lt Allergene:<\/font><\/td>\n<td><font size=\"-1\"><strong>Sulfite<\/strong><\/font><\/td>\n<\/tr>\n<p><\/table>\n","protected":false},"excerpt":{"rendered":"<p>Unaufdringlich, ausgewogen, saftig-frisch. Artikelnummer: 123 Inhalt 1,0 Ltr. Preis\/Ltr. 6,20 EUR pro Ltr. Weinart: Wei\u00dfwein Qualit&auml;tsstufe Qualit\u00e4tswein Rebsorte Silvaner Alkoholgehalt 12,0 Vol. % Bio: NEIN enth\u00e4lt Allergene: Sulfite<\/p>\n","protected":false},"featured_media":21768,"comment_status":"open","ping_status":"closed","template":"","meta":[],"product_brand":[],"product_cat":[3560,3559],"product_tag":[],"class_list":{"0":"post-22234","1":"product","2":"type-product","3":"status-publish","4":"has-post-thumbnail","6":"product_cat-weisswein","7":"product_cat-weisswein-trocken","9":"first","10":"instock","11":"taxable","12":"shipping-taxable","13":"purchasable","14":"product-type-simple"},"_links":{"self":[{"href":"https:\/\/weingut-richter-mohr.de\/Catalog\/index.php?rest_route=\/wp\/v2\/product\/22234"}],"collection":[{"href":"https:\/\/weingut-richter-mohr.de\/Catalog\/index.php?rest_route=\/wp\/v2\/product"}],"about":[{"href":"https:\/\/weingut-richter-mohr.de\/Catalog\/index.php?rest_route=\/wp\/v2\/types\/product"}],"replies":[{"embeddable":true,"href":"https:\/\/weingut-richter-mohr.de\/Catalog\/index.php?rest_route=%2Fwp%2Fv2%2Fcomments&post=22234"}],"wp:featuredmedia":[{"embeddable":true,"href":"https:\/\/weingut-richter-mohr.de\/Catalog\/index.php?rest_route=\/wp\/v2\/media\/21768"}],"wp:attachment":[{"href":"https:\/\/weingut-richter-mohr.de\/Catalog\/index.php?rest_route=%2Fwp%2Fv2%2Fmedia&parent=22234"}],"wp:term":[{"taxonomy":"product_brand","embeddable":true,"href":"https:\/\/weingut-richter-mohr.de\/Catalog\/index.php?rest_route=%2Fwp%2Fv2%2Fproduct_brand&post=22234"},{"taxonomy":"product_cat","embeddable":true,"href":"https:\/\/weingut-richter-mohr.de\/Catalog\/index.php?rest_route=%2Fwp%2Fv2%2Fproduct_cat&post=22234"},{"taxonomy":"product_tag","embeddable":true,"href":"https:\/\/weingut-richter-mohr.de\/Catalog\/index.php?rest_route=%2Fwp%2Fv2%2Fproduct_tag&post=22234"}],"curies":[{"name":"wp","href":"https:\/\/api.w.org\/{rel}","templated":true}]}}