{"id":21807,"date":"2022-08-02T11:37:13","date_gmt":"2022-08-02T09:37:13","guid":{"rendered":"https:\/\/weingut-richter-mohr.de\/Catalog\/?product=nr-33weingelee-rot-225g"},"modified":"2025-06-03T09:22:51","modified_gmt":"2025-06-03T07:22:51","slug":"nr-33weingelee-rot-225g","status":"publish","type":"product","link":"https:\/\/weingut-richter-mohr.de\/Catalog\/?product=nr-33weingelee-rot-225g","title":{"rendered":"<br>Nr. 33<br>Weingelee rot, 225g<br>"},"content":{"rendered":"<div align=\"left\"><font size=\"3\"><\/p>\n<p>        <font color=\"#970000\"><strong><br \/><!-- IBGHTML --><DIV><br \/><DIV>Das i-T\u00fcpfelchen f\u00fcr Genie\u00dfer. <BR>Pur, aufs Brot, zu kaltem Braten oder gekochtem Schinken, auf goldgelb gebackenem Camembert, in feinen So\u00dfen, zum Abrunden von Rotkohl<BR><FONT size=\"2\"><BR>(100g enthalten durchschnittlich: &#8211; Brennwert: 944kj\/222kcal &#8211; Fett: &lt;0,1g &#8211; davon ges\u00e4ttigte Fetts\u00e4uren: &lt;0,1g &#8211; Kohlenhydrate: 55,1g &#8211; davon Zucker: 54,8g &#8211; Eiwei\u00df: 0,2g &#8211; Salz: &lt;0,02g )<\/FONT><\/DIV><\/DIV><\/strong><\/font><\/p>\n<p><\/font><\/div>\n<table WIDTH=\"60%\" BORDER=\"0\" align=\"left\" CELLPADDING=\"0\" CELLSPACING=\"0\"><\/p>\n<tr><\/p>\n<td width=\"53%\"><font size=\"-1\">Artikelnummer:<\/font><\/td>\n<td width=\"47%\"><font size=\"-1\">33<\/font><\/td>\n<p><\/tr>\n<tr><\/p>\n<td><font size=\"-1\">Inhalt<\/font><\/td>\n<td><font size=\"-1\">0,25 Ltr.<\/font><\/td>\n<p><\/tr>\n<tr ALIGN=\"LEFT\"><\/p>\n<td><font size=\"-1\">Preis\/Ltr.<\/font><\/td>\n<td><font size=\"-1\">14,80 EUR pro Ltr.<\/font><\/td>\n<p><\/tr>\n<tr><\/p>\n<td><font size=\"-1\">Weinart:<\/font><\/td>\n<td><font size=\"-1\"><\/font><\/td>\n<p><\/tr>\n<tr><\/p>\n<td><font size=\"-1\">Qualit&auml;tsstufe<\/font><\/td>\n<td><font size=\"-1\"><\/font><\/td>\n<p><\/tr>\n<tr><\/p>\n<td><font size=\"-1\">Rebsorte<\/font><\/td>\n<td><font size=\"-1\"><\/font><\/td>\n<p><\/tr>\n<p><\/p>\n<tr><\/p>\n<td><font size=\"-1\">Alkoholgehalt<\/font><\/td>\n<td><font size=\"-1\"><strong><\/strong><\/font><\/td>\n<p><\/tr>\n<p><\/p>\n<tr>\n<td><font size=\"-1\">Bio:<\/font><\/td>\n<td><font size=\"-1\"><strong>NEIN<\/strong><\/font><\/td>\n<\/tr>\n<p><\/p>\n<tr>\n<td><font size=\"-1\">enth\u00e4lt Allergene:<\/font><\/td>\n<td><font size=\"-1\"><strong>Sulfite<\/strong><\/font><\/td>\n<\/tr>\n<p><\/table>\n","protected":false},"excerpt":{"rendered":"<p>Das i-T\u00fcpfelchen f\u00fcr Genie\u00dfer. Pur, aufs Brot, zu kaltem Braten oder gekochtem Schinken, auf goldgelb gebackenem Camembert, in feinen So\u00dfen, zum Abrunden von Rotkohl(100g enthalten durchschnittlich: &#8211; Brennwert: 944kj\/222kcal &#8211; Fett: &lt;0,1g &#8211; davon ges\u00e4ttigte Fetts\u00e4uren: &lt;0,1g &#8211; Kohlenhydrate: 55,1g &#8211; davon Zucker: 54,8g &#8211; Eiwei\u00df: 0,2g &#8211; Salz: &lt;0,02g ) Artikelnummer: 33 Inhalt 0,25 [&hellip;]<\/p>\n","protected":false},"featured_media":21757,"comment_status":"open","ping_status":"closed","template":"","meta":[],"product_brand":[],"product_cat":[3553,3552],"product_tag":[],"class_list":{"0":"post-21807","1":"product","2":"type-product","3":"status-publish","4":"has-post-thumbnail","6":"product_cat-essig-u-gelee","7":"product_cat-gelee","9":"first","10":"instock","11":"taxable","12":"shipping-taxable","13":"purchasable","14":"product-type-simple"},"_links":{"self":[{"href":"https:\/\/weingut-richter-mohr.de\/Catalog\/index.php?rest_route=\/wp\/v2\/product\/21807"}],"collection":[{"href":"https:\/\/weingut-richter-mohr.de\/Catalog\/index.php?rest_route=\/wp\/v2\/product"}],"about":[{"href":"https:\/\/weingut-richter-mohr.de\/Catalog\/index.php?rest_route=\/wp\/v2\/types\/product"}],"replies":[{"embeddable":true,"href":"https:\/\/weingut-richter-mohr.de\/Catalog\/index.php?rest_route=%2Fwp%2Fv2%2Fcomments&post=21807"}],"wp:featuredmedia":[{"embeddable":true,"href":"https:\/\/weingut-richter-mohr.de\/Catalog\/index.php?rest_route=\/wp\/v2\/media\/21757"}],"wp:attachment":[{"href":"https:\/\/weingut-richter-mohr.de\/Catalog\/index.php?rest_route=%2Fwp%2Fv2%2Fmedia&parent=21807"}],"wp:term":[{"taxonomy":"product_brand","embeddable":true,"href":"https:\/\/weingut-richter-mohr.de\/Catalog\/index.php?rest_route=%2Fwp%2Fv2%2Fproduct_brand&post=21807"},{"taxonomy":"product_cat","embeddable":true,"href":"https:\/\/weingut-richter-mohr.de\/Catalog\/index.php?rest_route=%2Fwp%2Fv2%2Fproduct_cat&post=21807"},{"taxonomy":"product_tag","embeddable":true,"href":"https:\/\/weingut-richter-mohr.de\/Catalog\/index.php?rest_route=%2Fwp%2Fv2%2Fproduct_tag&post=21807"}],"curies":[{"name":"wp","href":"https:\/\/api.w.org\/{rel}","templated":true}]}}