{"id":8,"date":"2016-06-24T12:47:31","date_gmt":"2016-06-24T10:47:31","guid":{"rendered":"http:\/\/www.weingut-richter-mohr.de\/Catalog\/?page_id=8"},"modified":"2016-06-28T10:14:41","modified_gmt":"2016-06-28T08:14:41","slug":"lieferung-und-zahlung","status":"publish","type":"page","link":"https:\/\/weingut-richter-mohr.de\/Catalog\/?page_id=8","title":{"rendered":"Lieferung und Zahlung"},"content":{"rendered":"<p><!-- IBGHTML --><\/p>\n<p><strong><font size=\"4\">Lieferungs- und Zahlungsbedingungen<\/p>\n<p><\/font><\/strong>Alle Preise verstehen sich inclusive der gesetzlichen Mehrwertssteuer, Glas, Verpackung. <\/p>\n<p>Folgende Lieferm\u00f6glichkeiten stehen zur Verf\u00fcgung:<\/p>\n<p>&#8211; <strong><u>Per Paketdienst<\/u><\/strong> :&nbsp;<br \/>&nbsp;&nbsp; Mindestbestellmenge 12 Flaschen!<br \/>&nbsp;&nbsp;   F\u00fcr den Versand stehen&nbsp;12er oder 18er Kartons als Verpackungseinheit zur Verf\u00fcgung.&nbsp;<br \/>&nbsp;&nbsp; Bitte bestellen Sie so, dass die Kartons&nbsp;komplett bef\u00fcllt sind, also 12 Flaschen oder 18 Flaschen.<br \/>&nbsp;&nbsp; Die Bestellung verschiedener&nbsp;Weine bzw. Artikel&nbsp;innerhalb eines Paketes ist m\u00f6glich.<br \/>&nbsp;&nbsp; Pro Bestellung berechnen wir einen Versandkostenanteil von 5,50\u20ac.<\/p>\n<p>&#8211; <u>Pers\u00f6nliche Auslieferung<\/u> mit unseren Lieferfahrzeugen nur&nbsp;bei unseren <a class=\"style18\" href=\"http:\/\/weingut-richter-mohr.de\/aktuelles\/aktuelles.html\">vorgeplanten Liefertouren<\/a>.&nbsp;&nbsp; <\/p>\n<p>&#8211; <u>Per Spedition<\/u>: f\u00fcr gr\u00f6\u00dfere Liefermengen<\/p>\n<p>Nach dem Absenden einer Bestellung erhalten Sie <\/p>\n<p><strong>&#8211; eine Eingangsbest\u00e4tigung ihrer Bestellung <br \/>&#8211; eine Auftragsbest\u00e4tigung<\/p>\n<p>&#8211; bei uns bekannten Kunden: Warenlieferung mit Rechnung<br \/>&#8211; <u>bei Neukunden: Warenlieferung nach Vorkasse :<\/u>&nbsp; <\/strong>IBAN: DE97 5509 1200 0034 5041 05,&nbsp;&nbsp;<br \/>&nbsp;&nbsp;&nbsp;&nbsp;&nbsp;&nbsp;&nbsp;&nbsp;&nbsp;&nbsp;&nbsp;&nbsp;&nbsp;&nbsp;&nbsp;&nbsp;&nbsp;&nbsp;&nbsp;&nbsp;&nbsp;&nbsp;&nbsp;&nbsp;&nbsp;&nbsp;&nbsp;&nbsp;&nbsp;&nbsp;&nbsp;&nbsp;&nbsp;&nbsp;&nbsp;&nbsp;&nbsp;&nbsp;&nbsp;&nbsp;&nbsp;&nbsp;&nbsp;&nbsp;&nbsp;&nbsp;&nbsp;&nbsp;&nbsp;&nbsp;&nbsp;&nbsp;&nbsp;&nbsp;&nbsp;&nbsp;&nbsp;&nbsp;&nbsp;&nbsp;&nbsp;&nbsp;&nbsp;&nbsp;&nbsp;&nbsp;&nbsp;&nbsp;&nbsp;&nbsp;&nbsp;&nbsp;&nbsp;&nbsp;&nbsp;&nbsp;&nbsp;&nbsp;&nbsp;&nbsp;&nbsp;&nbsp;&nbsp;&nbsp;&nbsp;&nbsp;BIC: GENODE61AZY<\/p>\n<p>Die Rechnung ist nach Lieferung ohne Abzug f\u00e4llig.<br \/>Die gelieferte Ware bleibt bis zur vollst\u00e4ndigen Bezahlung unser Eigentum.<\/p>\n","protected":false},"excerpt":{"rendered":"<p>Lieferungs- und Zahlungsbedingungen Alle Preise verstehen sich inclusive der gesetzlichen Mehrwertssteuer, Glas, Verpackung. Folgende Lieferm\u00f6glichkeiten stehen zur Verf\u00fcgung: &#8211; Per Paketdienst :&nbsp;&nbsp;&nbsp; Mindestbestellmenge 12 Flaschen!&nbsp;&nbsp; F\u00fcr den Versand stehen&nbsp;12er oder 18er Kartons als Verpackungseinheit zur Verf\u00fcgung.&nbsp;&nbsp;&nbsp; Bitte bestellen Sie so, dass die Kartons&nbsp;komplett bef\u00fcllt sind, also 12 Flaschen oder 18 Flaschen.&nbsp;&nbsp; Die Bestellung verschiedener&nbsp;Weine bzw. [&hellip;]<\/p>\n","protected":false},"author":1,"featured_media":0,"parent":0,"menu_order":0,"comment_status":"closed","ping_status":"closed","template":"","meta":{"footnotes":""},"class_list":["post-8","page","type-page","status-publish","hentry"],"_links":{"self":[{"href":"https:\/\/weingut-richter-mohr.de\/Catalog\/index.php?rest_route=\/wp\/v2\/pages\/8"}],"collection":[{"href":"https:\/\/weingut-richter-mohr.de\/Catalog\/index.php?rest_route=\/wp\/v2\/pages"}],"about":[{"href":"https:\/\/weingut-richter-mohr.de\/Catalog\/index.php?rest_route=\/wp\/v2\/types\/page"}],"author":[{"embeddable":true,"href":"https:\/\/weingut-richter-mohr.de\/Catalog\/index.php?rest_route=\/wp\/v2\/users\/1"}],"replies":[{"embeddable":true,"href":"https:\/\/weingut-richter-mohr.de\/Catalog\/index.php?rest_route=%2Fwp%2Fv2%2Fcomments&post=8"}],"version-history":[{"count":2,"href":"https:\/\/weingut-richter-mohr.de\/Catalog\/index.php?rest_route=\/wp\/v2\/pages\/8\/revisions"}],"predecessor-version":[{"id":1369,"href":"https:\/\/weingut-richter-mohr.de\/Catalog\/index.php?rest_route=\/wp\/v2\/pages\/8\/revisions\/1369"}],"wp:attachment":[{"href":"https:\/\/weingut-richter-mohr.de\/Catalog\/index.php?rest_route=%2Fwp%2Fv2%2Fmedia&parent=8"}],"curies":[{"name":"wp","href":"https:\/\/api.w.org\/{rel}","templated":true}]}}