{"id":10,"date":"2016-06-24T12:47:44","date_gmt":"2016-06-24T10:47:44","guid":{"rendered":"http:\/\/www.weingut-richter-mohr.de\/Catalog\/?page_id=10"},"modified":"2018-03-21T10:35:52","modified_gmt":"2018-03-21T08:35:52","slug":"os-plattform","status":"publish","type":"page","link":"https:\/\/weingut-richter-mohr.de\/Catalog\/?page_id=10","title":{"rendered":"OS-Plattform"},"content":{"rendered":"<p>Hinweis OS-Plattform<br \/>\n=====================<\/p>\n<p>Die Europ\u00e4ische Kommission stellt eine Plattform f\u00fcr die au\u00dfergerichtliche Online-Streitbeilegung (OS-Plattform) bereit,<\/p>\n<p>die unter <a href=\"http:\/\/www.ec.europa.eu\/consumers\/odr\">www.ec.europa.eu\/consumers\/odr<\/a> aufrufbar ist.<\/p>\n<p>Wir sind weder verpflichtet noch bereit, an dem Streitschlichtungsverfahren teilzunehmen.<\/p>\n<p>&nbsp;<\/p>\n<p>unsere Anschrift und Emailadresse:<\/p>\n<p>Weingut Weingut Richter-Mohr<br \/>\nWeidasserstr. 39<br \/>\n55234 Kettenheim<br \/>\nTel.: 06731\/990877<br \/>\nrichter-mohr-weingut@t-online.de<\/p>\n","protected":false},"excerpt":{"rendered":"<p>Hinweis OS-Plattform ===================== Die Europ\u00e4ische Kommission stellt eine Plattform f\u00fcr die au\u00dfergerichtliche Online-Streitbeilegung (OS-Plattform) bereit, die unter www.ec.europa.eu\/consumers\/odr aufrufbar ist. Wir sind weder verpflichtet noch bereit, an dem Streitschlichtungsverfahren teilzunehmen. &nbsp; unsere Anschrift und Emailadresse: Weingut Weingut Richter-Mohr Weidasserstr. 39 55234 Kettenheim Tel.: 06731\/990877 richter-mohr-weingut@t-online.de<\/p>\n","protected":false},"author":1,"featured_media":0,"parent":0,"menu_order":0,"comment_status":"closed","ping_status":"closed","template":"","meta":{"footnotes":""},"class_list":["post-10","page","type-page","status-publish","hentry"],"_links":{"self":[{"href":"https:\/\/weingut-richter-mohr.de\/Catalog\/index.php?rest_route=\/wp\/v2\/pages\/10"}],"collection":[{"href":"https:\/\/weingut-richter-mohr.de\/Catalog\/index.php?rest_route=\/wp\/v2\/pages"}],"about":[{"href":"https:\/\/weingut-richter-mohr.de\/Catalog\/index.php?rest_route=\/wp\/v2\/types\/page"}],"author":[{"embeddable":true,"href":"https:\/\/weingut-richter-mohr.de\/Catalog\/index.php?rest_route=\/wp\/v2\/users\/1"}],"replies":[{"embeddable":true,"href":"https:\/\/weingut-richter-mohr.de\/Catalog\/index.php?rest_route=%2Fwp%2Fv2%2Fcomments&post=10"}],"version-history":[{"count":6,"href":"https:\/\/weingut-richter-mohr.de\/Catalog\/index.php?rest_route=\/wp\/v2\/pages\/10\/revisions"}],"predecessor-version":[{"id":7093,"href":"https:\/\/weingut-richter-mohr.de\/Catalog\/index.php?rest_route=\/wp\/v2\/pages\/10\/revisions\/7093"}],"wp:attachment":[{"href":"https:\/\/weingut-richter-mohr.de\/Catalog\/index.php?rest_route=%2Fwp%2Fv2%2Fmedia&parent=10"}],"curies":[{"name":"wp","href":"https:\/\/api.w.org\/{rel}","templated":true}]}}